{"id":134,"date":"2020-04-20T09:26:42","date_gmt":"2020-04-20T09:26:42","guid":{"rendered":"https:\/\/wp-royal.com\/themes\/bard-free\/demo-import\/?page_id=134"},"modified":"2022-09-13T19:18:35","modified_gmt":"2022-09-13T19:18:35","slug":"kontakt","status":"publish","type":"page","link":"https:\/\/www.hledimenanebe.cz\/index.php\/kontakt\/","title":{"rendered":"Kontakt"},"content":{"rendered":"\t\t<div data-elementor-type=\"wp-page\" data-elementor-id=\"134\" class=\"elementor elementor-134\">\n\t\t\t\t\t\t<section class=\"elementor-section elementor-top-section elementor-element elementor-element-54f5412e elementor-section-boxed elementor-section-height-default elementor-section-height-default\" data-id=\"54f5412e\" data-element_type=\"section\" data-e-type=\"section\">\n\t\t\t\t\t\t<div class=\"elementor-container elementor-column-gap-default\">\n\t\t\t\t\t<div class=\"elementor-column elementor-col-100 elementor-top-column elementor-element elementor-element-5feb90b6\" data-id=\"5feb90b6\" data-element_type=\"column\" data-e-type=\"column\">\n\t\t\t<div class=\"elementor-widget-wrap elementor-element-populated\">\n\t\t\t\t\t\t\t<\/div>\n\t\t<\/div>\n\t\t\t\t\t<\/div>\n\t\t<\/section>\n\t\t\t\t<section class=\"elementor-section elementor-top-section elementor-element elementor-element-d0928eb elementor-section-boxed elementor-section-height-default elementor-section-height-default\" data-id=\"d0928eb\" data-element_type=\"section\" data-e-type=\"section\">\n\t\t\t\t\t\t<div class=\"elementor-container elementor-column-gap-default\">\n\t\t\t\t\t<div class=\"elementor-column elementor-col-100 elementor-top-column elementor-element elementor-element-a4efd98\" data-id=\"a4efd98\" data-element_type=\"column\" data-e-type=\"column\">\n\t\t\t<div class=\"elementor-widget-wrap elementor-element-populated\">\n\t\t\t\t\t\t<div class=\"elementor-element elementor-element-1b36b02 elementor-widget elementor-widget-text-editor\" data-id=\"1b36b02\" data-element_type=\"widget\" data-e-type=\"widget\" data-widget_type=\"text-editor.default\">\n\t\t\t\t<div class=\"elementor-widget-container\">\n\t\t\t\t\t\t\t\t\t<p>\n<div class=\"wpcf7 no-js\" id=\"wpcf7-f133-o1\" lang=\"en-US\" dir=\"ltr\" data-wpcf7-id=\"133\">\n<div class=\"screen-reader-response\"><p role=\"status\" aria-live=\"polite\" aria-atomic=\"true\"><\/p> <ul><\/ul><\/div>\n<form action=\"\/index.php\/wp-json\/wp\/v2\/pages\/134#wpcf7-f133-o1\" method=\"post\" class=\"wpcf7-form init\" aria-label=\"Contact form\" novalidate=\"novalidate\" data-status=\"init\">\n<fieldset class=\"hidden-fields-container\"><input type=\"hidden\" name=\"_wpcf7\" value=\"133\" \/><input type=\"hidden\" name=\"_wpcf7_version\" value=\"6.1.5\" \/><input type=\"hidden\" name=\"_wpcf7_locale\" value=\"en_US\" \/><input type=\"hidden\" name=\"_wpcf7_unit_tag\" value=\"wpcf7-f133-o1\" \/><input type=\"hidden\" name=\"_wpcf7_container_post\" value=\"0\" \/><input type=\"hidden\" name=\"_wpcf7_posted_data_hash\" value=\"\" \/>\n<\/fieldset>\n<p><label> Jm\u00e9no*<br \/>\n<span class=\"wpcf7-form-control-wrap\" data-name=\"your-name\"><input size=\"40\" maxlength=\"400\" class=\"wpcf7-form-control wpcf7-text wpcf7-validates-as-required\" aria-required=\"true\" aria-invalid=\"false\" value=\"\" type=\"text\" name=\"your-name\" \/><\/span> <\/label>\n<\/p>\n<p><label> E-mail*<br \/>\n<span class=\"wpcf7-form-control-wrap\" data-name=\"your-email\"><input size=\"40\" maxlength=\"400\" class=\"wpcf7-form-control wpcf7-email wpcf7-validates-as-required wpcf7-text wpcf7-validates-as-email\" aria-required=\"true\" aria-invalid=\"false\" value=\"\" type=\"email\" name=\"your-email\" \/><\/span> <\/label>\n<\/p>\n<p><label> P\u0159edm\u011bt<br \/>\n<span class=\"wpcf7-form-control-wrap\" data-name=\"your-subject\"><input size=\"40\" maxlength=\"400\" class=\"wpcf7-form-control wpcf7-text\" aria-invalid=\"false\" value=\"\" type=\"text\" name=\"your-subject\" \/><\/span> <\/label>\n<\/p>\n<p><label> Zpr\u00e1va<br \/>\n<span class=\"wpcf7-form-control-wrap\" data-name=\"your-message\"><textarea cols=\"40\" rows=\"10\" maxlength=\"2000\" class=\"wpcf7-form-control wpcf7-textarea\" aria-invalid=\"false\" name=\"your-message\"><\/textarea><\/span> <\/label>\n<\/p>\n<p><span class=\"wpcf7-form-control-wrap\" data-name=\"acceptance-666\"><span class=\"wpcf7-form-control wpcf7-acceptance\"><span class=\"wpcf7-list-item\"><label><input type=\"checkbox\" name=\"acceptance-666\" value=\"1\" aria-invalid=\"false\" \/><span class=\"wpcf7-list-item-label\">Souhlas\u00edm se zpracov\u00e1n\u00edm osobn\u00edch \u00fadaj\u016f.<\/span><\/label><\/span><\/span><\/span><br \/>\n<input class=\"wpcf7-form-control wpcf7-submit has-spinner\" type=\"submit\" value=\"Odeslat zpr\u00e1vu\" \/>\n<\/p><div class=\"wpcf7-response-output\" aria-hidden=\"true\"><\/div>\n<\/form>\n<\/div>\n<\/p>\t\t\t\t\t\t\t\t<\/div>\n\t\t\t\t<\/div>\n\t\t\t\t\t<\/div>\n\t\t<\/div>\n\t\t\t\t\t<\/div>\n\t\t<\/section>\n\t\t\t\t<\/div>\n\t\t","protected":false},"excerpt":{"rendered":"","protected":false},"author":1,"featured_media":0,"parent":0,"menu_order":0,"comment_status":"closed","ping_status":"closed","template":"","meta":{"footnotes":""},"class_list":["post-134","page","type-page","status-publish","hentry"],"yoast_head":"<!-- This site is optimized with the Yoast SEO plugin v27.5 - https:\/\/yoast.com\/product\/yoast-seo-wordpress\/ -->\n<title>Kontakt | Hled\u00edme na nebe<\/title>\n<meta name=\"robots\" content=\"index, follow, max-snippet:-1, max-image-preview:large, max-video-preview:-1\" \/>\n<link rel=\"canonical\" href=\"https:\/\/www.hledimenanebe.cz\/index.php\/kontakt\/\" \/>\n<meta property=\"og:locale\" content=\"cs_CZ\" \/>\n<meta property=\"og:type\" content=\"article\" \/>\n<meta property=\"og:title\" content=\"Kontakt | Hled\u00edme na nebe\" \/>\n<meta property=\"og:url\" content=\"https:\/\/www.hledimenanebe.cz\/index.php\/kontakt\/\" \/>\n<meta property=\"og:site_name\" content=\"Hled\u00edme na nebe\" \/>\n<meta property=\"article:publisher\" content=\"https:\/\/www.facebook.com\/hledimenanebe\" \/>\n<meta property=\"article:modified_time\" content=\"2022-09-13T19:18:35+00:00\" \/>\n<meta property=\"og:image\" content=\"https:\/\/www.hledimenanebe.cz\/wp-content\/uploads\/2021\/12\/pexels-dominika-roseclay-1166903-scaled.jpg\" \/>\n\t<meta property=\"og:image:width\" content=\"2560\" \/>\n\t<meta property=\"og:image:height\" content=\"1679\" \/>\n\t<meta property=\"og:image:type\" content=\"image\/jpeg\" \/>\n<meta name=\"twitter:card\" content=\"summary_large_image\" \/>\n<meta name=\"twitter:label1\" content=\"Odhadovan\u00e1 doba \u010dten\u00ed\" \/>\n\t<meta name=\"twitter:data1\" content=\"1 minuta\" \/>\n<script type=\"application\/ld+json\" class=\"yoast-schema-graph\">{\"@context\":\"https:\\\/\\\/schema.org\",\"@graph\":[{\"@type\":\"WebPage\",\"@id\":\"https:\\\/\\\/www.hledimenanebe.cz\\\/index.php\\\/kontakt\\\/\",\"url\":\"https:\\\/\\\/www.hledimenanebe.cz\\\/index.php\\\/kontakt\\\/\",\"name\":\"Kontakt | Hled\u00edme na nebe\",\"isPartOf\":{\"@id\":\"https:\\\/\\\/www.hledimenanebe.cz\\\/#website\"},\"datePublished\":\"2020-04-20T09:26:42+00:00\",\"dateModified\":\"2022-09-13T19:18:35+00:00\",\"breadcrumb\":{\"@id\":\"https:\\\/\\\/www.hledimenanebe.cz\\\/index.php\\\/kontakt\\\/#breadcrumb\"},\"inLanguage\":\"cs\",\"potentialAction\":[{\"@type\":\"ReadAction\",\"target\":[\"https:\\\/\\\/www.hledimenanebe.cz\\\/index.php\\\/kontakt\\\/\"]}]},{\"@type\":\"BreadcrumbList\",\"@id\":\"https:\\\/\\\/www.hledimenanebe.cz\\\/index.php\\\/kontakt\\\/#breadcrumb\",\"itemListElement\":[{\"@type\":\"ListItem\",\"position\":1,\"name\":\"Dom\u016f\",\"item\":\"https:\\\/\\\/www.hledimenanebe.cz\\\/\"},{\"@type\":\"ListItem\",\"position\":2,\"name\":\"Kontakt\"}]},{\"@type\":\"WebSite\",\"@id\":\"https:\\\/\\\/www.hledimenanebe.cz\\\/#website\",\"url\":\"https:\\\/\\\/www.hledimenanebe.cz\\\/\",\"name\":\"Hled\u00edme na nebe\",\"description\":\"stoj\u00edme pevn\u011b na zemi\",\"publisher\":{\"@id\":\"https:\\\/\\\/www.hledimenanebe.cz\\\/#organization\"},\"potentialAction\":[{\"@type\":\"SearchAction\",\"target\":{\"@type\":\"EntryPoint\",\"urlTemplate\":\"https:\\\/\\\/www.hledimenanebe.cz\\\/?s={search_term_string}\"},\"query-input\":{\"@type\":\"PropertyValueSpecification\",\"valueRequired\":true,\"valueName\":\"search_term_string\"}}],\"inLanguage\":\"cs\"},{\"@type\":\"Organization\",\"@id\":\"https:\\\/\\\/www.hledimenanebe.cz\\\/#organization\",\"name\":\"hledimenanebe.cz\",\"url\":\"https:\\\/\\\/www.hledimenanebe.cz\\\/\",\"logo\":{\"@type\":\"ImageObject\",\"inLanguage\":\"cs\",\"@id\":\"https:\\\/\\\/www.hledimenanebe.cz\\\/#\\\/schema\\\/logo\\\/image\\\/\",\"url\":\"https:\\\/\\\/www.hledimenanebe.cz\\\/wp-content\\\/uploads\\\/2021\\\/11\\\/hnn_logo_docas.png\",\"contentUrl\":\"https:\\\/\\\/www.hledimenanebe.cz\\\/wp-content\\\/uploads\\\/2021\\\/11\\\/hnn_logo_docas.png\",\"width\":956,\"height\":220,\"caption\":\"hledimenanebe.cz\"},\"image\":{\"@id\":\"https:\\\/\\\/www.hledimenanebe.cz\\\/#\\\/schema\\\/logo\\\/image\\\/\"},\"sameAs\":[\"https:\\\/\\\/www.facebook.com\\\/hledimenanebe\",\"https:\\\/\\\/www.instagram.com\\\/hledimenanebe.cz\\\/\"]}]}<\/script>\n<!-- \/ Yoast SEO plugin. -->","yoast_head_json":{"title":"Kontakt | Hled\u00edme na nebe","robots":{"index":"index","follow":"follow","max-snippet":"max-snippet:-1","max-image-preview":"max-image-preview:large","max-video-preview":"max-video-preview:-1"},"canonical":"https:\/\/www.hledimenanebe.cz\/index.php\/kontakt\/","og_locale":"cs_CZ","og_type":"article","og_title":"Kontakt | Hled\u00edme na nebe","og_url":"https:\/\/www.hledimenanebe.cz\/index.php\/kontakt\/","og_site_name":"Hled\u00edme na nebe","article_publisher":"https:\/\/www.facebook.com\/hledimenanebe","article_modified_time":"2022-09-13T19:18:35+00:00","og_image":[{"width":2560,"height":1679,"url":"https:\/\/www.hledimenanebe.cz\/wp-content\/uploads\/2021\/12\/pexels-dominika-roseclay-1166903-scaled.jpg","type":"image\/jpeg"}],"twitter_card":"summary_large_image","twitter_misc":{"Odhadovan\u00e1 doba \u010dten\u00ed":"1 minuta"},"schema":{"@context":"https:\/\/schema.org","@graph":[{"@type":"WebPage","@id":"https:\/\/www.hledimenanebe.cz\/index.php\/kontakt\/","url":"https:\/\/www.hledimenanebe.cz\/index.php\/kontakt\/","name":"Kontakt | Hled\u00edme na nebe","isPartOf":{"@id":"https:\/\/www.hledimenanebe.cz\/#website"},"datePublished":"2020-04-20T09:26:42+00:00","dateModified":"2022-09-13T19:18:35+00:00","breadcrumb":{"@id":"https:\/\/www.hledimenanebe.cz\/index.php\/kontakt\/#breadcrumb"},"inLanguage":"cs","potentialAction":[{"@type":"ReadAction","target":["https:\/\/www.hledimenanebe.cz\/index.php\/kontakt\/"]}]},{"@type":"BreadcrumbList","@id":"https:\/\/www.hledimenanebe.cz\/index.php\/kontakt\/#breadcrumb","itemListElement":[{"@type":"ListItem","position":1,"name":"Dom\u016f","item":"https:\/\/www.hledimenanebe.cz\/"},{"@type":"ListItem","position":2,"name":"Kontakt"}]},{"@type":"WebSite","@id":"https:\/\/www.hledimenanebe.cz\/#website","url":"https:\/\/www.hledimenanebe.cz\/","name":"Hled\u00edme na nebe","description":"stoj\u00edme pevn\u011b na zemi","publisher":{"@id":"https:\/\/www.hledimenanebe.cz\/#organization"},"potentialAction":[{"@type":"SearchAction","target":{"@type":"EntryPoint","urlTemplate":"https:\/\/www.hledimenanebe.cz\/?s={search_term_string}"},"query-input":{"@type":"PropertyValueSpecification","valueRequired":true,"valueName":"search_term_string"}}],"inLanguage":"cs"},{"@type":"Organization","@id":"https:\/\/www.hledimenanebe.cz\/#organization","name":"hledimenanebe.cz","url":"https:\/\/www.hledimenanebe.cz\/","logo":{"@type":"ImageObject","inLanguage":"cs","@id":"https:\/\/www.hledimenanebe.cz\/#\/schema\/logo\/image\/","url":"https:\/\/www.hledimenanebe.cz\/wp-content\/uploads\/2021\/11\/hnn_logo_docas.png","contentUrl":"https:\/\/www.hledimenanebe.cz\/wp-content\/uploads\/2021\/11\/hnn_logo_docas.png","width":956,"height":220,"caption":"hledimenanebe.cz"},"image":{"@id":"https:\/\/www.hledimenanebe.cz\/#\/schema\/logo\/image\/"},"sameAs":["https:\/\/www.facebook.com\/hledimenanebe","https:\/\/www.instagram.com\/hledimenanebe.cz\/"]}]}},"_links":{"self":[{"href":"https:\/\/www.hledimenanebe.cz\/index.php\/wp-json\/wp\/v2\/pages\/134","targetHints":{"allow":["GET"]}}],"collection":[{"href":"https:\/\/www.hledimenanebe.cz\/index.php\/wp-json\/wp\/v2\/pages"}],"about":[{"href":"https:\/\/www.hledimenanebe.cz\/index.php\/wp-json\/wp\/v2\/types\/page"}],"author":[{"embeddable":true,"href":"https:\/\/www.hledimenanebe.cz\/index.php\/wp-json\/wp\/v2\/users\/1"}],"replies":[{"embeddable":true,"href":"https:\/\/www.hledimenanebe.cz\/index.php\/wp-json\/wp\/v2\/comments?post=134"}],"version-history":[{"count":40,"href":"https:\/\/www.hledimenanebe.cz\/index.php\/wp-json\/wp\/v2\/pages\/134\/revisions"}],"predecessor-version":[{"id":2290,"href":"https:\/\/www.hledimenanebe.cz\/index.php\/wp-json\/wp\/v2\/pages\/134\/revisions\/2290"}],"wp:attachment":[{"href":"https:\/\/www.hledimenanebe.cz\/index.php\/wp-json\/wp\/v2\/media?parent=134"}],"curies":[{"name":"wp","href":"https:\/\/api.w.org\/{rel}","templated":true}]}}